{"id":19420,"date":"2023-04-14T13:40:12","date_gmt":"2023-04-14T13:40:12","guid":{"rendered":"https:\/\/fondlakeshore.wpengine.com\/politique-de-confidentialite\/"},"modified":"2026-01-21T14:44:08","modified_gmt":"2026-01-21T14:44:08","slug":"politique-de-confidentialite","status":"publish","type":"page","link":"https:\/\/fondationlakeshore.ca\/fr\/politique-de-confidentialite\/","title":{"rendered":"Politique de confidentialit\u00e9"},"content":{"rendered":"[vc_row type=\u00a0\u00bbin_container\u00a0\u00bb full_screen_row_position=\u00a0\u00bbmiddle\u00a0\u00bb column_margin=\u00a0\u00bbdefault\u00a0\u00bb column_direction=\u00a0\u00bbdefault\u00a0\u00bb column_direction_tablet=\u00a0\u00bbdefault\u00a0\u00bb column_direction_phone=\u00a0\u00bbdefault\u00a0\u00bb scene_position=\u00a0\u00bbcenter\u00a0\u00bb text_color=\u00a0\u00bbdark\u00a0\u00bb text_align=\u00a0\u00bbleft\u00a0\u00bb row_border_radius=\u00a0\u00bbnone\u00a0\u00bb row_border_radius_applies=\u00a0\u00bbbg\u00a0\u00bb overflow=\u00a0\u00bbvisible\u00a0\u00bb overlay_strength=\u00a0\u00bb0.3&Prime; gradient_direction=\u00a0\u00bbleft_to_right\u00a0\u00bb shape_divider_position=\u00a0\u00bbbottom\u00a0\u00bb bg_image_animation=\u00a0\u00bbnone\u00a0\u00bb][vc_column column_padding=\u00a0\u00bbno-extra-padding\u00a0\u00bb column_padding_tablet=\u00a0\u00bbinherit\u00a0\u00bb column_padding_phone=\u00a0\u00bbinherit\u00a0\u00bb column_padding_position=\u00a0\u00bball\u00a0\u00bb column_element_direction_desktop=\u00a0\u00bbdefault\u00a0\u00bb column_element_spacing=\u00a0\u00bbdefault\u00a0\u00bb desktop_text_alignment=\u00a0\u00bbdefault\u00a0\u00bb tablet_text_alignment=\u00a0\u00bbdefault\u00a0\u00bb phone_text_alignment=\u00a0\u00bbdefault\u00a0\u00bb background_color_opacity=\u00a0\u00bb1&Prime; background_hover_color_opacity=\u00a0\u00bb1&Prime; column_backdrop_filter=\u00a0\u00bbnone\u00a0\u00bb column_shadow=\u00a0\u00bbnone\u00a0\u00bb column_border_radius=\u00a0\u00bbnone\u00a0\u00bb column_link_target=\u00a0\u00bb_self\u00a0\u00bb column_position=\u00a0\u00bbdefault\u00a0\u00bb gradient_direction=\u00a0\u00bbleft_to_right\u00a0\u00bb overlay_strength=\u00a0\u00bb0.3&Prime; width=\u00a0\u00bb1\/1&Prime; tablet_width_inherit=\u00a0\u00bbdefault\u00a0\u00bb animation_type=\u00a0\u00bbdefault\u00a0\u00bb bg_image_animation=\u00a0\u00bbnone\u00a0\u00bb border_type=\u00a0\u00bbsimple\u00a0\u00bb column_border_width=\u00a0\u00bbnone\u00a0\u00bb column_border_style=\u00a0\u00bbsolid\u00a0\u00bb][split_line_heading animation_type=\u00a0\u00bbline-reveal-by-space\u00a0\u00bb font_style=\u00a0\u00bbh2&Prime; text_color=\u00a0\u00bb#21417f\u00a0\u00bb line_reveal_by_space_text_effect=\u00a0\u00bbnone\u00a0\u00bb content_alignment=\u00a0\u00bbdefault\u00a0\u00bb mobile_content_alignment=\u00a0\u00bbinherit\u00a0\u00bb link_target=\u00a0\u00bb_self\u00a0\u00bb text_content=\u00a0\u00bbPolitique de confidentialit\u00e9\u00a0\u00bb][\/split_line_heading][vc_column_text css=\u00a0\u00bb\u00a0\u00bb text_direction=\u00a0\u00bbdefault\u00a0\u00bb]La Fondation de l&rsquo;H\u00f4pital g\u00e9n\u00e9ral du Lakeshore adh\u00e8re aux normes de responsabilit\u00e9 les plus \u00e9lev\u00e9es et \u00e0 toutes les exigences l\u00e9gislatives en mati\u00e8re de protection de la confidentialit\u00e9 des renseignements personnels. Lakeshore respecte la <a href=\"https:\/\/afpglobal.org\/donor-bill-rights\"><strong>Charte des droits des donateurs de l&rsquo;Association des professionnels en philanthropie<\/strong><\/a>. De plus, les employ\u00e9s et les b\u00e9n\u00e9voles de la Fondation H\u00f4pital g\u00e9n\u00e9ral du Lakeshore adh\u00e8rent \u00e0 une entente de confidentialit\u00e9 stricte.<\/p>\n<p>Nous ne louons, vendons ou \u00e9changeons en aucun cas les informations personnelles de nos donateurs. Les informations que vous fournissez sont utilis\u00e9es pour vous informer des actualit\u00e9s de la Fondation et de l&rsquo;H\u00f4pital, des \u00e9v\u00e9nements, des besoins de financement, des opportunit\u00e9s de b\u00e9n\u00e9volat et des demandes de dons. Si vous souhaitez \u00eatre retir\u00e9 de nos listes d&rsquo;envoi, contactez-nous par t\u00e9l\u00e9phone au 514.630.2081 ou <a href=\"mailto:info@fondationlakeshore.ca\"><strong>info@fondationlakeshore.ca<\/strong><\/a>, et nous nous ferons un plaisir de r\u00e9pondre \u00e0 votre demande.<\/p>\n<p><span style=\"text-decoration: underline;\"><strong>Informations personnelles<br \/>\n<\/strong><\/span>En soumettant des informations personnelles, vous acceptez que nous puissions collecter et utiliser ces informations personnelles conform\u00e9ment \u00e0 cette politique de confidentialit\u00e9 et aux pr\u00e9f\u00e9rences de confidentialit\u00e9 que vous nous avez communiqu\u00e9es et dans la mesure permise ou requise par la loi. Sous r\u00e9serve des exigences l\u00e9gales et contractuelles, vous pouvez \u00e0 tout moment refuser ou retirer votre consentement \u00e0 certaines finalit\u00e9s identifi\u00e9es en nous contactant. Les informations que nous collectons peuvent inclure votre nom, votre adresse, votre num\u00e9ro de t\u00e9l\u00e9phone, votre courriel et vos informations de paiement.<\/p>\n<p>Vos renseignements personnels sont stock\u00e9s \u2013 \u00e9lectroniques et autres \u2013 dans des endroits s\u00e9curis\u00e9s et sur des serveurs contr\u00f4l\u00e9s par la Fondation de l&rsquo;H\u00f4pital g\u00e9n\u00e9ral du Lakeshore et le CIUSSS ODIM, situ\u00e9s soit dans nos bureaux, soit dans les bureaux de nos fournisseurs de services. Nous faisons tous les efforts raisonnables pour nous prot\u00e9ger contre la perte, l&rsquo;utilisation abusive et l&rsquo;alt\u00e9ration des informations personnelles sous notre contr\u00f4le. Nos politiques de s\u00e9curit\u00e9 sont p\u00e9riodiquement r\u00e9vis\u00e9es et am\u00e9lior\u00e9es si n\u00e9cessaire.<\/p>\n<p>Seuls certains employ\u00e9s autoris\u00e9s de la Fondation de l&rsquo;H\u00f4pital g\u00e9n\u00e9ral du Lakeshore ont acc\u00e8s \u00e0 vos renseignements personnels conform\u00e9ment \u00e0 une entente de confidentialit\u00e9 stricte et \u00e0 la <a href=\"https:\/\/afpglobal.org\/donor-bill-rights\"><strong>Charte des droits des donateurs de Association des professionnels en philanthropie<\/strong><\/a>. Nous exploitons des r\u00e9seaux de donn\u00e9es s\u00e9curis\u00e9s prot\u00e9g\u00e9s par des pares-feux et des syst\u00e8mes de protection par mot de passe conformes aux normes de l&rsquo;industrie. Les informations de carte de cr\u00e9dit sont trait\u00e9es \u00e0 l&rsquo;aide d&rsquo;un cryptage et d&rsquo;une s\u00e9curit\u00e9 conformes aux normes de l&rsquo;industrie et conform\u00e9ment aux normes PCI et aux lois canadiennes sur les commer\u00e7ants et les banques.<\/p>\n<p>Sur demande \u00e9crite, sous r\u00e9serve de certaines exceptions, la Fondation de l&rsquo;H\u00f4pital g\u00e9n\u00e9ral du Lakeshore vous informera de l&rsquo;existence et de l&rsquo;utilisation de vos renseignements personnels et vous donnera acc\u00e8s \u00e0 ces renseignements.<\/p>\n<p><span style=\"text-decoration: underline;\"><strong>Modifications de la politique de confidentialit\u00e9<br \/>\n<\/strong><\/span>La Fondation de l&rsquo;H\u00f4pital g\u00e9n\u00e9ral du Lakeshore se r\u00e9serve le droit de modifier ou de compl\u00e9ter la pr\u00e9sente politique de confidentialit\u00e9 en tout temps. Si nous modifions cette politique de confidentialit\u00e9, nous publierons ce changement sur nos sites Web et rendrons cette politique r\u00e9vis\u00e9e et ce changement disponibles sur demande.<\/p>\n<p><span style=\"text-decoration: underline;\"><strong>Responsable de la confidentialit\u00e9<br \/>\n<\/strong><\/span>Nathalie Kamel, Directrice g\u00e9n\u00e9rale<br \/>\n<strong><a href=\"mailto:nathalie.kamel.comtl@ssss.gouv.qc.ca\">nathalie.kamel.comtl@ssss.gouv.qc.ca<\/a><\/strong><\/p>\n<p>&nbsp;<\/p>\n<p>Janvier 2026[\/vc_column_text][\/vc_column][\/vc_row]\n","protected":false},"excerpt":{"rendered":"<p>[vc_row type=\u00a0\u00bbin_container\u00a0\u00bb full_screen_row_position=\u00a0\u00bbmiddle\u00a0\u00bb column_margin=\u00a0\u00bbdefault\u00a0\u00bb column_direction=\u00a0\u00bbdefault\u00a0\u00bb column_direction_tablet=\u00a0\u00bbdefault\u00a0\u00bb column_direction_phone=\u00a0\u00bbdefault\u00a0\u00bb scene_position=\u00a0\u00bbcenter\u00a0\u00bb text_color=\u00a0\u00bbdark\u00a0\u00bb text_align=\u00a0\u00bbleft\u00a0\u00bb row_border_radius=\u00a0\u00bbnone\u00a0\u00bb row_border_radius_applies=\u00a0\u00bbbg\u00a0\u00bb overflow=\u00a0\u00bbvisible\u00a0\u00bb overlay_strength=\u00a0\u00bb0.3&Prime; gradient_direction=\u00a0\u00bbleft_to_right\u00a0\u00bb shape_divider_position=\u00a0\u00bbbottom\u00a0\u00bb bg_image_animation=\u00a0\u00bbnone\u00a0\u00bb][vc_column column_padding=\u00a0\u00bbno-extra-padding\u00a0\u00bb column_padding_tablet=\u00a0\u00bbinherit\u00a0\u00bb column_padding_phone=\u00a0\u00bbinherit\u00a0\u00bb column_padding_position=\u00a0\u00bball\u00a0\u00bb column_element_direction_desktop=\u00a0\u00bbdefault\u00a0\u00bb column_element_spacing=\u00a0\u00bbdefault\u00a0\u00bb desktop_text_alignment=\u00a0\u00bbdefault\u00a0\u00bb tablet_text_alignment=\u00a0\u00bbdefault\u00a0\u00bb phone_text_alignment=\u00a0\u00bbdefault\u00a0\u00bb background_color_opacity=\u00a0\u00bb1&Prime; background_hover_color_opacity=\u00a0\u00bb1&Prime; column_backdrop_filter=\u00a0\u00bbnone\u00a0\u00bb column_shadow=\u00a0\u00bbnone\u00a0\u00bb&#8230;<\/p>\n","protected":false},"author":3,"featured_media":0,"parent":0,"menu_order":0,"comment_status":"closed","ping_status":"closed","template":"","meta":{"footnotes":""},"class_list":["post-19420","page","type-page","status-publish"],"yoast_head":"<!-- This site is optimized with the Yoast SEO plugin v27.1.1 - https:\/\/yoast.com\/product\/yoast-seo-wordpress\/ -->\n<title>Politique de confidentialit\u00e9 - Lakeshore General Hospital Foundation<\/title>\n<meta name=\"robots\" content=\"index, follow, max-snippet:-1, max-image-preview:large, max-video-preview:-1\" \/>\n<link rel=\"canonical\" href=\"https:\/\/fondationlakeshore.ca\/fr\/politique-de-confidentialite\/\" \/>\n<meta property=\"og:locale\" content=\"fr_FR\" \/>\n<meta property=\"og:type\" content=\"article\" \/>\n<meta property=\"og:title\" content=\"Politique de confidentialit\u00e9 - Lakeshore General Hospital Foundation\" \/>\n<meta property=\"og:description\" content=\"[vc_row type=\u00a0\u00bbin_container\u00a0\u00bb full_screen_row_position=\u00a0\u00bbmiddle\u00a0\u00bb column_margin=\u00a0\u00bbdefault\u00a0\u00bb column_direction=\u00a0\u00bbdefault\u00a0\u00bb column_direction_tablet=\u00a0\u00bbdefault\u00a0\u00bb column_direction_phone=\u00a0\u00bbdefault\u00a0\u00bb scene_position=\u00a0\u00bbcenter\u00a0\u00bb text_color=\u00a0\u00bbdark\u00a0\u00bb text_align=\u00a0\u00bbleft\u00a0\u00bb row_border_radius=\u00a0\u00bbnone\u00a0\u00bb row_border_radius_applies=\u00a0\u00bbbg\u00a0\u00bb overflow=\u00a0\u00bbvisible\u00a0\u00bb overlay_strength=\u00a0\u00bb0.3&Prime; gradient_direction=\u00a0\u00bbleft_to_right\u00a0\u00bb shape_divider_position=\u00a0\u00bbbottom\u00a0\u00bb bg_image_animation=\u00a0\u00bbnone\u00a0\u00bb][vc_column column_padding=\u00a0\u00bbno-extra-padding\u00a0\u00bb column_padding_tablet=\u00a0\u00bbinherit\u00a0\u00bb column_padding_phone=\u00a0\u00bbinherit\u00a0\u00bb column_padding_position=\u00a0\u00bball\u00a0\u00bb column_element_direction_desktop=\u00a0\u00bbdefault\u00a0\u00bb column_element_spacing=\u00a0\u00bbdefault\u00a0\u00bb desktop_text_alignment=\u00a0\u00bbdefault\u00a0\u00bb tablet_text_alignment=\u00a0\u00bbdefault\u00a0\u00bb phone_text_alignment=\u00a0\u00bbdefault\u00a0\u00bb background_color_opacity=\u00a0\u00bb1&Prime; background_hover_color_opacity=\u00a0\u00bb1&Prime; column_backdrop_filter=\u00a0\u00bbnone\u00a0\u00bb column_shadow=\u00a0\u00bbnone\u00a0\u00bb...\" \/>\n<meta property=\"og:url\" content=\"https:\/\/fondationlakeshore.ca\/fr\/politique-de-confidentialite\/\" \/>\n<meta property=\"og:site_name\" content=\"Lakeshore General Hospital Foundation\" \/>\n<meta property=\"article:publisher\" content=\"https:\/\/www.facebook.com\/fondationlakeshore\" \/>\n<meta property=\"article:modified_time\" content=\"2026-01-21T14:44:08+00:00\" \/>\n<meta name=\"twitter:card\" content=\"summary_large_image\" \/>\n<meta name=\"twitter:label1\" content=\"Est. reading time\" \/>\n\t<meta name=\"twitter:data1\" content=\"3 minutes\" \/>\n<script type=\"application\/ld+json\" class=\"yoast-schema-graph\">{\"@context\":\"https:\/\/schema.org\",\"@graph\":[{\"@type\":\"WebPage\",\"@id\":\"https:\/\/fondationlakeshore.ca\/fr\/politique-de-confidentialite\/\",\"url\":\"https:\/\/fondationlakeshore.ca\/fr\/politique-de-confidentialite\/\",\"name\":\"Politique de confidentialit\u00e9 - Lakeshore General Hospital Foundation\",\"isPartOf\":{\"@id\":\"https:\/\/fondationlakeshore.ca\/#website\"},\"datePublished\":\"2023-04-14T13:40:12+00:00\",\"dateModified\":\"2026-01-21T14:44:08+00:00\",\"breadcrumb\":{\"@id\":\"https:\/\/fondationlakeshore.ca\/fr\/politique-de-confidentialite\/#breadcrumb\"},\"inLanguage\":\"fr-FR\",\"potentialAction\":[{\"@type\":\"ReadAction\",\"target\":[\"https:\/\/fondationlakeshore.ca\/fr\/politique-de-confidentialite\/\"]}]},{\"@type\":\"BreadcrumbList\",\"@id\":\"https:\/\/fondationlakeshore.ca\/fr\/politique-de-confidentialite\/#breadcrumb\",\"itemListElement\":[{\"@type\":\"ListItem\",\"position\":1,\"name\":\"Home\",\"item\":\"https:\/\/fondationlakeshore.ca\/fr\/\"},{\"@type\":\"ListItem\",\"position\":2,\"name\":\"Politique de confidentialit\u00e9\"}]},{\"@type\":\"WebSite\",\"@id\":\"https:\/\/fondationlakeshore.ca\/#website\",\"url\":\"https:\/\/fondationlakeshore.ca\/\",\"name\":\"Lakeshore General Hospital Foundation\",\"description\":\"Working together towards healthcare excellence\",\"publisher\":{\"@id\":\"https:\/\/fondationlakeshore.ca\/#organization\"},\"potentialAction\":[{\"@type\":\"SearchAction\",\"target\":{\"@type\":\"EntryPoint\",\"urlTemplate\":\"https:\/\/fondationlakeshore.ca\/?s={search_term_string}\"},\"query-input\":{\"@type\":\"PropertyValueSpecification\",\"valueRequired\":true,\"valueName\":\"search_term_string\"}}],\"inLanguage\":\"fr-FR\"},{\"@type\":\"Organization\",\"@id\":\"https:\/\/fondationlakeshore.ca\/#organization\",\"name\":\"Lakeshore General Hospital Foundation\",\"url\":\"https:\/\/fondationlakeshore.ca\/\",\"logo\":{\"@type\":\"ImageObject\",\"inLanguage\":\"fr-FR\",\"@id\":\"https:\/\/fondationlakeshore.ca\/#\/schema\/logo\/image\/\",\"url\":\"https:\/\/fondationlakeshore.ca\/wp-content\/uploads\/2022\/02\/lghf-horizontal-EN-logo-full-color-rgb.png\",\"contentUrl\":\"https:\/\/fondationlakeshore.ca\/wp-content\/uploads\/2022\/02\/lghf-horizontal-EN-logo-full-color-rgb.png\",\"width\":1977,\"height\":788,\"caption\":\"Lakeshore General Hospital Foundation\"},\"image\":{\"@id\":\"https:\/\/fondationlakeshore.ca\/#\/schema\/logo\/image\/\"},\"sameAs\":[\"https:\/\/www.facebook.com\/fondationlakeshore\",\"https:\/\/www.instagram.com\/fondationlakeshore\/\",\"https:\/\/www.linkedin.com\/company\/fondationlakeshore\/\"]}]}<\/script>\n<!-- \/ Yoast SEO plugin. -->","yoast_head_json":{"title":"Politique de confidentialit\u00e9 - Lakeshore General Hospital Foundation","robots":{"index":"index","follow":"follow","max-snippet":"max-snippet:-1","max-image-preview":"max-image-preview:large","max-video-preview":"max-video-preview:-1"},"canonical":"https:\/\/fondationlakeshore.ca\/fr\/politique-de-confidentialite\/","og_locale":"fr_FR","og_type":"article","og_title":"Politique de confidentialit\u00e9 - Lakeshore General Hospital Foundation","og_description":"[vc_row type=\u00a0\u00bbin_container\u00a0\u00bb full_screen_row_position=\u00a0\u00bbmiddle\u00a0\u00bb column_margin=\u00a0\u00bbdefault\u00a0\u00bb column_direction=\u00a0\u00bbdefault\u00a0\u00bb column_direction_tablet=\u00a0\u00bbdefault\u00a0\u00bb column_direction_phone=\u00a0\u00bbdefault\u00a0\u00bb scene_position=\u00a0\u00bbcenter\u00a0\u00bb text_color=\u00a0\u00bbdark\u00a0\u00bb text_align=\u00a0\u00bbleft\u00a0\u00bb row_border_radius=\u00a0\u00bbnone\u00a0\u00bb row_border_radius_applies=\u00a0\u00bbbg\u00a0\u00bb overflow=\u00a0\u00bbvisible\u00a0\u00bb overlay_strength=\u00a0\u00bb0.3&Prime; gradient_direction=\u00a0\u00bbleft_to_right\u00a0\u00bb shape_divider_position=\u00a0\u00bbbottom\u00a0\u00bb bg_image_animation=\u00a0\u00bbnone\u00a0\u00bb][vc_column column_padding=\u00a0\u00bbno-extra-padding\u00a0\u00bb column_padding_tablet=\u00a0\u00bbinherit\u00a0\u00bb column_padding_phone=\u00a0\u00bbinherit\u00a0\u00bb column_padding_position=\u00a0\u00bball\u00a0\u00bb column_element_direction_desktop=\u00a0\u00bbdefault\u00a0\u00bb column_element_spacing=\u00a0\u00bbdefault\u00a0\u00bb desktop_text_alignment=\u00a0\u00bbdefault\u00a0\u00bb tablet_text_alignment=\u00a0\u00bbdefault\u00a0\u00bb phone_text_alignment=\u00a0\u00bbdefault\u00a0\u00bb background_color_opacity=\u00a0\u00bb1&Prime; background_hover_color_opacity=\u00a0\u00bb1&Prime; column_backdrop_filter=\u00a0\u00bbnone\u00a0\u00bb column_shadow=\u00a0\u00bbnone\u00a0\u00bb...","og_url":"https:\/\/fondationlakeshore.ca\/fr\/politique-de-confidentialite\/","og_site_name":"Lakeshore General Hospital Foundation","article_publisher":"https:\/\/www.facebook.com\/fondationlakeshore","article_modified_time":"2026-01-21T14:44:08+00:00","twitter_card":"summary_large_image","twitter_misc":{"Est. reading time":"3 minutes"},"schema":{"@context":"https:\/\/schema.org","@graph":[{"@type":"WebPage","@id":"https:\/\/fondationlakeshore.ca\/fr\/politique-de-confidentialite\/","url":"https:\/\/fondationlakeshore.ca\/fr\/politique-de-confidentialite\/","name":"Politique de confidentialit\u00e9 - Lakeshore General Hospital Foundation","isPartOf":{"@id":"https:\/\/fondationlakeshore.ca\/#website"},"datePublished":"2023-04-14T13:40:12+00:00","dateModified":"2026-01-21T14:44:08+00:00","breadcrumb":{"@id":"https:\/\/fondationlakeshore.ca\/fr\/politique-de-confidentialite\/#breadcrumb"},"inLanguage":"fr-FR","potentialAction":[{"@type":"ReadAction","target":["https:\/\/fondationlakeshore.ca\/fr\/politique-de-confidentialite\/"]}]},{"@type":"BreadcrumbList","@id":"https:\/\/fondationlakeshore.ca\/fr\/politique-de-confidentialite\/#breadcrumb","itemListElement":[{"@type":"ListItem","position":1,"name":"Home","item":"https:\/\/fondationlakeshore.ca\/fr\/"},{"@type":"ListItem","position":2,"name":"Politique de confidentialit\u00e9"}]},{"@type":"WebSite","@id":"https:\/\/fondationlakeshore.ca\/#website","url":"https:\/\/fondationlakeshore.ca\/","name":"Lakeshore General Hospital Foundation","description":"Working together towards healthcare excellence","publisher":{"@id":"https:\/\/fondationlakeshore.ca\/#organization"},"potentialAction":[{"@type":"SearchAction","target":{"@type":"EntryPoint","urlTemplate":"https:\/\/fondationlakeshore.ca\/?s={search_term_string}"},"query-input":{"@type":"PropertyValueSpecification","valueRequired":true,"valueName":"search_term_string"}}],"inLanguage":"fr-FR"},{"@type":"Organization","@id":"https:\/\/fondationlakeshore.ca\/#organization","name":"Lakeshore General Hospital Foundation","url":"https:\/\/fondationlakeshore.ca\/","logo":{"@type":"ImageObject","inLanguage":"fr-FR","@id":"https:\/\/fondationlakeshore.ca\/#\/schema\/logo\/image\/","url":"https:\/\/fondationlakeshore.ca\/wp-content\/uploads\/2022\/02\/lghf-horizontal-EN-logo-full-color-rgb.png","contentUrl":"https:\/\/fondationlakeshore.ca\/wp-content\/uploads\/2022\/02\/lghf-horizontal-EN-logo-full-color-rgb.png","width":1977,"height":788,"caption":"Lakeshore General Hospital Foundation"},"image":{"@id":"https:\/\/fondationlakeshore.ca\/#\/schema\/logo\/image\/"},"sameAs":["https:\/\/www.facebook.com\/fondationlakeshore","https:\/\/www.instagram.com\/fondationlakeshore\/","https:\/\/www.linkedin.com\/company\/fondationlakeshore\/"]}]}},"_links":{"self":[{"href":"https:\/\/fondationlakeshore.ca\/fr\/wp-json\/wp\/v2\/pages\/19420","targetHints":{"allow":["GET"]}}],"collection":[{"href":"https:\/\/fondationlakeshore.ca\/fr\/wp-json\/wp\/v2\/pages"}],"about":[{"href":"https:\/\/fondationlakeshore.ca\/fr\/wp-json\/wp\/v2\/types\/page"}],"author":[{"embeddable":true,"href":"https:\/\/fondationlakeshore.ca\/fr\/wp-json\/wp\/v2\/users\/3"}],"replies":[{"embeddable":true,"href":"https:\/\/fondationlakeshore.ca\/fr\/wp-json\/wp\/v2\/comments?post=19420"}],"version-history":[{"count":0,"href":"https:\/\/fondationlakeshore.ca\/fr\/wp-json\/wp\/v2\/pages\/19420\/revisions"}],"wp:attachment":[{"href":"https:\/\/fondationlakeshore.ca\/fr\/wp-json\/wp\/v2\/media?parent=19420"}],"curies":[{"name":"wp","href":"https:\/\/api.w.org\/{rel}","templated":true}]}}