{"id":17498,"date":"2022-05-02T19:18:33","date_gmt":"2022-05-02T19:18:33","guid":{"rendered":"https:\/\/lakeshorefond.wpengine.com\/infolettre\/"},"modified":"2022-08-16T18:08:08","modified_gmt":"2022-08-16T18:08:08","slug":"infolettre","status":"publish","type":"page","link":"https:\/\/fondationlakeshore.ca\/fr\/infolettre\/","title":{"rendered":"Infolettre"},"content":{"rendered":"[vc_row type=\u00a0\u00bbfull_width_content\u00a0\u00bb full_screen_row_position=\u00a0\u00bbmiddle\u00a0\u00bb column_margin=\u00a0\u00bbdefault\u00a0\u00bb column_direction=\u00a0\u00bbdefault\u00a0\u00bb column_direction_tablet=\u00a0\u00bbdefault\u00a0\u00bb column_direction_phone=\u00a0\u00bbdefault\u00a0\u00bb scene_position=\u00a0\u00bbcenter\u00a0\u00bb top_padding=\u00a0\u00bb2%\u00a0\u00bb bottom_padding=\u00a0\u00bb5%\u00a0\u00bb left_padding_desktop=\u00a0\u00bb10%\u00a0\u00bb constrain_group_2=\u00a0\u00bbyes\u00a0\u00bb right_padding_desktop=\u00a0\u00bb10%\u00a0\u00bb top_padding_tablet=\u00a0\u00bb20%\u00a0\u00bb bottom_padding_tablet=\u00a0\u00bb10%\u00a0\u00bb left_padding_tablet=\u00a0\u00bb20%\u00a0\u00bb constrain_group_4=\u00a0\u00bbyes\u00a0\u00bb right_padding_tablet=\u00a0\u00bb20%\u00a0\u00bb left_padding_phone=\u00a0\u00bb6%\u00a0\u00bb constrain_group_6=\u00a0\u00bbyes\u00a0\u00bb right_padding_phone=\u00a0\u00bb6%\u00a0\u00bb text_color=\u00a0\u00bbdark\u00a0\u00bb text_align=\u00a0\u00bbleft\u00a0\u00bb row_border_radius=\u00a0\u00bbnone\u00a0\u00bb row_border_radius_applies=\u00a0\u00bbbg\u00a0\u00bb overflow=\u00a0\u00bbvisible\u00a0\u00bb advanced_gradient_angle=\u00a0\u00bb0&Prime; overlay_strength=\u00a0\u00bb0.3&Prime; gradient_direction=\u00a0\u00bbleft_to_right\u00a0\u00bb shape_divider_position=\u00a0\u00bbbottom\u00a0\u00bb bg_image_animation=\u00a0\u00bbnone\u00a0\u00bb gradient_type=\u00a0\u00bbdefault\u00a0\u00bb shape_type=\u00a0\u00bb\u00a0\u00bb][vc_column column_padding=\u00a0\u00bbno-extra-padding\u00a0\u00bb column_padding_tablet=\u00a0\u00bbinherit\u00a0\u00bb column_padding_phone=\u00a0\u00bbinherit\u00a0\u00bb column_padding_position=\u00a0\u00bball\u00a0\u00bb column_element_spacing=\u00a0\u00bb0px\u00a0\u00bb centered_text=\u00a0\u00bbtrue\u00a0\u00bb background_color_opacity=\u00a0\u00bb1&Prime; background_hover_color_opacity=\u00a0\u00bb1&Prime; column_shadow=\u00a0\u00bbnone\u00a0\u00bb column_border_radius=\u00a0\u00bbnone\u00a0\u00bb column_link_target=\u00a0\u00bb_self\u00a0\u00bb column_position=\u00a0\u00bbdefault\u00a0\u00bb advanced_gradient_angle=\u00a0\u00bb0&Prime; gradient_direction=\u00a0\u00bbleft_to_right\u00a0\u00bb overlay_strength=\u00a0\u00bb0.3&Prime; width=\u00a0\u00bb1\/1&Prime; tablet_width_inherit=\u00a0\u00bbdefault\u00a0\u00bb tablet_text_alignment=\u00a0\u00bbdefault\u00a0\u00bb phone_text_alignment=\u00a0\u00bbdefault\u00a0\u00bb animation_type=\u00a0\u00bbdefault\u00a0\u00bb bg_image_animation=\u00a0\u00bbnone\u00a0\u00bb border_type=\u00a0\u00bbsimple\u00a0\u00bb column_border_width=\u00a0\u00bbnone\u00a0\u00bb column_border_style=\u00a0\u00bbsolid\u00a0\u00bb gradient_type=\u00a0\u00bbdefault\u00a0\u00bb][split_line_heading animation_type=\u00a0\u00bbline-reveal-by-space\u00a0\u00bb font_style=\u00a0\u00bbh1&Prime; line_reveal_by_space_text_effect=\u00a0\u00bbnone\u00a0\u00bb content_alignment=\u00a0\u00bbdefault\u00a0\u00bb mobile_content_alignment=\u00a0\u00bbinherit\u00a0\u00bb link_target=\u00a0\u00bb_self\u00a0\u00bb text_content=\u00a0\u00bbNous sommes fiers de vous pr\u00e9senter l\u2019infolettre de la Fondation de l\u2019H\u00f4pital g\u00e9n\u00e9ral du Lakeshore:\u00a0\u00bb font_size=\u00a0\u00bb2vw\u00a0\u00bb font_size_phone=\u00a0\u00bb10vw\u00a0\u00bb][\/split_line_heading][split_line_heading animation_type=\u00a0\u00bbline-reveal-by-space\u00a0\u00bb font_style=\u00a0\u00bbh1&Prime; line_reveal_by_space_text_effect=\u00a0\u00bbnone\u00a0\u00bb content_alignment=\u00a0\u00bbdefault\u00a0\u00bb mobile_content_alignment=\u00a0\u00bbinherit\u00a0\u00bb link_target=\u00a0\u00bb_self\u00a0\u00bb text_content=\u00a0\u00bbLe Lien du Lakeshore.\u00a0\u00bb font_size=\u00a0\u00bb2vw\u00a0\u00bb font_size_phone=\u00a0\u00bb10vw\u00a0\u00bb][\/split_line_heading][divider line_type=\u00a0\u00bbNo Line\u00a0\u00bb custom_height=\u00a0\u00bb5vh\u00a0\u00bb][nectar_horizontal_list_item columns=\u00a0\u00bb1&Prime; col_1_text_align=\u00a0\u00bbleft\u00a0\u00bb col_1_text_element=\u00a0\u00bbh5&Prime; font_family=\u00a0\u00bbp\u00a0\u00bb hover_effect=\u00a0\u00bbdefault\u00a0\u00bb hover_color=\u00a0\u00bbaccent-color\u00a0\u00bb icon_family=\u00a0\u00bbnone\u00a0\u00bb icon_size=\u00a0\u00bbregular\u00a0\u00bb col_1_content=\u00a0\u00bb\u00c9dition Sp\u00e9ciale &#8211; Septembre 2020&Prime; url=\u00a0\u00bbhttps:\/\/fondationlakeshore.ca\/wp-content\/uploads\/2022\/08\/Our-Annual-PartnersFR_v2.pdf\u00a0\u00bb][nectar_horizontal_list_item columns=\u00a0\u00bb1&Prime; col_1_text_align=\u00a0\u00bbleft\u00a0\u00bb col_1_text_element=\u00a0\u00bbh5&Prime; font_family=\u00a0\u00bbp\u00a0\u00bb hover_effect=\u00a0\u00bbdefault\u00a0\u00bb hover_color=\u00a0\u00bbaccent-color\u00a0\u00bb icon_family=\u00a0\u00bbnone\u00a0\u00bb icon_size=\u00a0\u00bbregular\u00a0\u00bb col_1_content=\u00a0\u00bbAutomne 2019&Prime; url=\u00a0\u00bbhttps:\/\/fondationlakeshore.ca\/wp-content\/uploads\/2022\/08\/Lien-du-Lakeshore_Automne-2019.pdf\u00a0\u00bb][nectar_horizontal_list_item columns=\u00a0\u00bb1&Prime; col_1_text_align=\u00a0\u00bbleft\u00a0\u00bb col_1_text_element=\u00a0\u00bbh5&Prime; font_family=\u00a0\u00bbp\u00a0\u00bb hover_effect=\u00a0\u00bbdefault\u00a0\u00bb hover_color=\u00a0\u00bbaccent-color\u00a0\u00bb icon_family=\u00a0\u00bbnone\u00a0\u00bb icon_size=\u00a0\u00bbregular\u00a0\u00bb col_1_content=\u00a0\u00bbPrintemps 2019&Prime; url=\u00a0\u00bbhttps:\/\/fondationlakeshore.ca\/wp-content\/uploads\/2022\/08\/Lakeshore-Link_Printemps-2019.pdf\u00a0\u00bb][nectar_horizontal_list_item columns=\u00a0\u00bb1&Prime; col_1_text_align=\u00a0\u00bbleft\u00a0\u00bb col_1_text_element=\u00a0\u00bbh5&Prime; font_family=\u00a0\u00bbp\u00a0\u00bb hover_effect=\u00a0\u00bbdefault\u00a0\u00bb hover_color=\u00a0\u00bbaccent-color\u00a0\u00bb icon_family=\u00a0\u00bbnone\u00a0\u00bb icon_size=\u00a0\u00bbregular\u00a0\u00bb col_1_content=\u00a0\u00bbAutomne 2018&Prime; url=\u00a0\u00bbhttps:\/\/fondationlakeshore.ca\/wp-content\/uploads\/2022\/08\/LakeshoreLink_FR_sept2018.pdf\u00a0\u00bb][nectar_horizontal_list_item columns=\u00a0\u00bb1&Prime; col_1_text_align=\u00a0\u00bbleft\u00a0\u00bb col_1_text_element=\u00a0\u00bbh5&Prime; font_family=\u00a0\u00bbp\u00a0\u00bb hover_effect=\u00a0\u00bbdefault\u00a0\u00bb hover_color=\u00a0\u00bbaccent-color\u00a0\u00bb icon_family=\u00a0\u00bbnone\u00a0\u00bb icon_size=\u00a0\u00bbregular\u00a0\u00bb col_1_content=\u00a0\u00bbPrintemps 2018&Prime; url=\u00a0\u00bbhttps:\/\/fondationlakeshore.ca\/wp-content\/uploads\/2022\/08\/LakeshoreLink_mai2018_French-final.pdf\u00a0\u00bb][nectar_horizontal_list_item columns=\u00a0\u00bb1&Prime; col_1_text_align=\u00a0\u00bbleft\u00a0\u00bb col_1_text_element=\u00a0\u00bbh5&Prime; font_family=\u00a0\u00bbp\u00a0\u00bb hover_effect=\u00a0\u00bbdefault\u00a0\u00bb hover_color=\u00a0\u00bbaccent-color\u00a0\u00bb icon_family=\u00a0\u00bbnone\u00a0\u00bb icon_size=\u00a0\u00bbregular\u00a0\u00bb col_1_content=\u00a0\u00bbAutomne 2017&Prime; url=\u00a0\u00bbhttps:\/\/fondationlakeshore.ca\/wp-content\/uploads\/2022\/08\/Lakeshore-Link_septembre-2017_FR.pdf\u00a0\u00bb][nectar_horizontal_list_item columns=\u00a0\u00bb1&Prime; col_1_text_align=\u00a0\u00bbleft\u00a0\u00bb col_1_text_element=\u00a0\u00bbh5&Prime; font_family=\u00a0\u00bbp\u00a0\u00bb hover_effect=\u00a0\u00bbdefault\u00a0\u00bb hover_color=\u00a0\u00bbaccent-color\u00a0\u00bb icon_family=\u00a0\u00bbnone\u00a0\u00bb icon_size=\u00a0\u00bbregular\u00a0\u00bb col_1_content=\u00a0\u00bbPrintemps 2017&Prime; url=\u00a0\u00bbhttps:\/\/fondationlakeshore.ca\/wp-content\/uploads\/2022\/08\/Lakeshore-Link_mai-2017_FR.pdf\u00a0\u00bb][nectar_horizontal_list_item columns=\u00a0\u00bb1&Prime; col_1_text_align=\u00a0\u00bbleft\u00a0\u00bb col_1_text_element=\u00a0\u00bbh5&Prime; font_family=\u00a0\u00bbp\u00a0\u00bb hover_effect=\u00a0\u00bbdefault\u00a0\u00bb hover_color=\u00a0\u00bbaccent-color\u00a0\u00bb icon_family=\u00a0\u00bbnone\u00a0\u00bb icon_size=\u00a0\u00bbregular\u00a0\u00bb col_1_content=\u00a0\u00bbAutomne 2016&Prime; url=\u00a0\u00bbhttps:\/\/fondationlakeshore.ca\/wp-content\/uploads\/2022\/08\/Lakeshore-Link_sept-2016_FR.pdf\u00a0\u00bb][nectar_horizontal_list_item columns=\u00a0\u00bb1&Prime; col_1_text_align=\u00a0\u00bbleft\u00a0\u00bb col_1_text_element=\u00a0\u00bbh5&Prime; font_family=\u00a0\u00bbp\u00a0\u00bb hover_effect=\u00a0\u00bbdefault\u00a0\u00bb hover_color=\u00a0\u00bbaccent-color\u00a0\u00bb icon_family=\u00a0\u00bbnone\u00a0\u00bb icon_size=\u00a0\u00bbregular\u00a0\u00bb col_1_content=\u00a0\u00bbPrintemps 2016&Prime; url=\u00a0\u00bbhttps:\/\/fondationlakeshore.ca\/wp-content\/uploads\/2022\/08\/Lakeshore-Link_mai-2016_FR.pdf\u00a0\u00bb][nectar_horizontal_list_item columns=\u00a0\u00bb1&Prime; col_1_text_align=\u00a0\u00bbleft\u00a0\u00bb col_1_text_element=\u00a0\u00bbh5&Prime; font_family=\u00a0\u00bbp\u00a0\u00bb hover_effect=\u00a0\u00bbdefault\u00a0\u00bb hover_color=\u00a0\u00bbaccent-color\u00a0\u00bb icon_family=\u00a0\u00bbnone\u00a0\u00bb icon_size=\u00a0\u00bbregular\u00a0\u00bb col_1_content=\u00a0\u00bb\u00c9t\u00e9 2015&Prime; url=\u00a0\u00bbhttps:\/\/fondationlakeshore.ca\/wp-content\/uploads\/2022\/08\/LakeshoreLink_juin2015_FR1.pdf\u00a0\u00bb][\/vc_column][\/vc_row]\n","protected":false},"excerpt":{"rendered":"<p>[vc_row type=\u00a0\u00bbfull_width_content\u00a0\u00bb full_screen_row_position=\u00a0\u00bbmiddle\u00a0\u00bb column_margin=\u00a0\u00bbdefault\u00a0\u00bb column_direction=\u00a0\u00bbdefault\u00a0\u00bb column_direction_tablet=\u00a0\u00bbdefault\u00a0\u00bb column_direction_phone=\u00a0\u00bbdefault\u00a0\u00bb scene_position=\u00a0\u00bbcenter\u00a0\u00bb top_padding=\u00a0\u00bb2%\u00a0\u00bb bottom_padding=\u00a0\u00bb5%\u00a0\u00bb left_padding_desktop=\u00a0\u00bb10%\u00a0\u00bb constrain_group_2=\u00a0\u00bbyes\u00a0\u00bb right_padding_desktop=\u00a0\u00bb10%\u00a0\u00bb top_padding_tablet=\u00a0\u00bb20%\u00a0\u00bb bottom_padding_tablet=\u00a0\u00bb10%\u00a0\u00bb left_padding_tablet=\u00a0\u00bb20%\u00a0\u00bb constrain_group_4=\u00a0\u00bbyes\u00a0\u00bb right_padding_tablet=\u00a0\u00bb20%\u00a0\u00bb left_padding_phone=\u00a0\u00bb6%\u00a0\u00bb constrain_group_6=\u00a0\u00bbyes\u00a0\u00bb right_padding_phone=\u00a0\u00bb6%\u00a0\u00bb text_color=\u00a0\u00bbdark\u00a0\u00bb text_align=\u00a0\u00bbleft\u00a0\u00bb row_border_radius=\u00a0\u00bbnone\u00a0\u00bb row_border_radius_applies=\u00a0\u00bbbg\u00a0\u00bb overflow=\u00a0\u00bbvisible\u00a0\u00bb advanced_gradient_angle=\u00a0\u00bb0&Prime; overlay_strength=\u00a0\u00bb0.3&Prime; gradient_direction=\u00a0\u00bbleft_to_right\u00a0\u00bb shape_divider_position=\u00a0\u00bbbottom\u00a0\u00bb&#8230;<\/p>\n","protected":false},"author":1,"featured_media":0,"parent":0,"menu_order":0,"comment_status":"closed","ping_status":"closed","template":"","meta":{"footnotes":""},"class_list":["post-17498","page","type-page","status-publish"],"yoast_head":"<!-- This site is optimized with the Yoast SEO plugin v27.1.1 - https:\/\/yoast.com\/product\/yoast-seo-wordpress\/ -->\n<title>Infolettre - Lakeshore General Hospital Foundation<\/title>\n<meta name=\"robots\" content=\"index, follow, max-snippet:-1, max-image-preview:large, max-video-preview:-1\" \/>\n<link rel=\"canonical\" href=\"https:\/\/fondationlakeshore.ca\/fr\/infolettre\/\" \/>\n<meta property=\"og:locale\" content=\"fr_FR\" \/>\n<meta property=\"og:type\" content=\"article\" \/>\n<meta property=\"og:title\" content=\"Infolettre - Lakeshore General Hospital Foundation\" \/>\n<meta property=\"og:description\" content=\"[vc_row type=\u00a0\u00bbfull_width_content\u00a0\u00bb full_screen_row_position=\u00a0\u00bbmiddle\u00a0\u00bb column_margin=\u00a0\u00bbdefault\u00a0\u00bb column_direction=\u00a0\u00bbdefault\u00a0\u00bb column_direction_tablet=\u00a0\u00bbdefault\u00a0\u00bb column_direction_phone=\u00a0\u00bbdefault\u00a0\u00bb scene_position=\u00a0\u00bbcenter\u00a0\u00bb top_padding=\u00a0\u00bb2%\u00a0\u00bb bottom_padding=\u00a0\u00bb5%\u00a0\u00bb left_padding_desktop=\u00a0\u00bb10%\u00a0\u00bb constrain_group_2=\u00a0\u00bbyes\u00a0\u00bb right_padding_desktop=\u00a0\u00bb10%\u00a0\u00bb top_padding_tablet=\u00a0\u00bb20%\u00a0\u00bb bottom_padding_tablet=\u00a0\u00bb10%\u00a0\u00bb left_padding_tablet=\u00a0\u00bb20%\u00a0\u00bb constrain_group_4=\u00a0\u00bbyes\u00a0\u00bb right_padding_tablet=\u00a0\u00bb20%\u00a0\u00bb left_padding_phone=\u00a0\u00bb6%\u00a0\u00bb constrain_group_6=\u00a0\u00bbyes\u00a0\u00bb right_padding_phone=\u00a0\u00bb6%\u00a0\u00bb text_color=\u00a0\u00bbdark\u00a0\u00bb text_align=\u00a0\u00bbleft\u00a0\u00bb row_border_radius=\u00a0\u00bbnone\u00a0\u00bb row_border_radius_applies=\u00a0\u00bbbg\u00a0\u00bb overflow=\u00a0\u00bbvisible\u00a0\u00bb advanced_gradient_angle=\u00a0\u00bb0&Prime; overlay_strength=\u00a0\u00bb0.3&Prime; gradient_direction=\u00a0\u00bbleft_to_right\u00a0\u00bb shape_divider_position=\u00a0\u00bbbottom\u00a0\u00bb...\" \/>\n<meta property=\"og:url\" content=\"https:\/\/fondationlakeshore.ca\/fr\/infolettre\/\" \/>\n<meta property=\"og:site_name\" content=\"Lakeshore General Hospital Foundation\" \/>\n<meta property=\"article:publisher\" content=\"https:\/\/www.facebook.com\/fondationlakeshore\" \/>\n<meta property=\"article:modified_time\" content=\"2022-08-16T18:08:08+00:00\" \/>\n<meta name=\"twitter:card\" content=\"summary_large_image\" \/>\n<meta name=\"twitter:label1\" content=\"Est. reading time\" \/>\n\t<meta name=\"twitter:data1\" content=\"4 minutes\" \/>\n<script type=\"application\/ld+json\" class=\"yoast-schema-graph\">{\"@context\":\"https:\/\/schema.org\",\"@graph\":[{\"@type\":\"WebPage\",\"@id\":\"https:\/\/fondationlakeshore.ca\/fr\/infolettre\/\",\"url\":\"https:\/\/fondationlakeshore.ca\/fr\/infolettre\/\",\"name\":\"Infolettre - Lakeshore General Hospital Foundation\",\"isPartOf\":{\"@id\":\"https:\/\/fondationlakeshore.ca\/#website\"},\"datePublished\":\"2022-05-02T19:18:33+00:00\",\"dateModified\":\"2022-08-16T18:08:08+00:00\",\"breadcrumb\":{\"@id\":\"https:\/\/fondationlakeshore.ca\/fr\/infolettre\/#breadcrumb\"},\"inLanguage\":\"fr-FR\",\"potentialAction\":[{\"@type\":\"ReadAction\",\"target\":[\"https:\/\/fondationlakeshore.ca\/fr\/infolettre\/\"]}]},{\"@type\":\"BreadcrumbList\",\"@id\":\"https:\/\/fondationlakeshore.ca\/fr\/infolettre\/#breadcrumb\",\"itemListElement\":[{\"@type\":\"ListItem\",\"position\":1,\"name\":\"Home\",\"item\":\"https:\/\/fondationlakeshore.ca\/fr\/\"},{\"@type\":\"ListItem\",\"position\":2,\"name\":\"Infolettre\"}]},{\"@type\":\"WebSite\",\"@id\":\"https:\/\/fondationlakeshore.ca\/#website\",\"url\":\"https:\/\/fondationlakeshore.ca\/\",\"name\":\"Lakeshore General Hospital Foundation\",\"description\":\"Working together towards healthcare excellence\",\"publisher\":{\"@id\":\"https:\/\/fondationlakeshore.ca\/#organization\"},\"potentialAction\":[{\"@type\":\"SearchAction\",\"target\":{\"@type\":\"EntryPoint\",\"urlTemplate\":\"https:\/\/fondationlakeshore.ca\/?s={search_term_string}\"},\"query-input\":{\"@type\":\"PropertyValueSpecification\",\"valueRequired\":true,\"valueName\":\"search_term_string\"}}],\"inLanguage\":\"fr-FR\"},{\"@type\":\"Organization\",\"@id\":\"https:\/\/fondationlakeshore.ca\/#organization\",\"name\":\"Lakeshore General Hospital Foundation\",\"url\":\"https:\/\/fondationlakeshore.ca\/\",\"logo\":{\"@type\":\"ImageObject\",\"inLanguage\":\"fr-FR\",\"@id\":\"https:\/\/fondationlakeshore.ca\/#\/schema\/logo\/image\/\",\"url\":\"https:\/\/fondationlakeshore.ca\/wp-content\/uploads\/2022\/02\/lghf-horizontal-EN-logo-full-color-rgb.png\",\"contentUrl\":\"https:\/\/fondationlakeshore.ca\/wp-content\/uploads\/2022\/02\/lghf-horizontal-EN-logo-full-color-rgb.png\",\"width\":1977,\"height\":788,\"caption\":\"Lakeshore General Hospital Foundation\"},\"image\":{\"@id\":\"https:\/\/fondationlakeshore.ca\/#\/schema\/logo\/image\/\"},\"sameAs\":[\"https:\/\/www.facebook.com\/fondationlakeshore\",\"https:\/\/www.instagram.com\/fondationlakeshore\/\",\"https:\/\/www.linkedin.com\/company\/fondationlakeshore\/\"]}]}<\/script>\n<!-- \/ Yoast SEO plugin. -->","yoast_head_json":{"title":"Infolettre - Lakeshore General Hospital Foundation","robots":{"index":"index","follow":"follow","max-snippet":"max-snippet:-1","max-image-preview":"max-image-preview:large","max-video-preview":"max-video-preview:-1"},"canonical":"https:\/\/fondationlakeshore.ca\/fr\/infolettre\/","og_locale":"fr_FR","og_type":"article","og_title":"Infolettre - Lakeshore General Hospital Foundation","og_description":"[vc_row type=\u00a0\u00bbfull_width_content\u00a0\u00bb full_screen_row_position=\u00a0\u00bbmiddle\u00a0\u00bb column_margin=\u00a0\u00bbdefault\u00a0\u00bb column_direction=\u00a0\u00bbdefault\u00a0\u00bb column_direction_tablet=\u00a0\u00bbdefault\u00a0\u00bb column_direction_phone=\u00a0\u00bbdefault\u00a0\u00bb scene_position=\u00a0\u00bbcenter\u00a0\u00bb top_padding=\u00a0\u00bb2%\u00a0\u00bb bottom_padding=\u00a0\u00bb5%\u00a0\u00bb left_padding_desktop=\u00a0\u00bb10%\u00a0\u00bb constrain_group_2=\u00a0\u00bbyes\u00a0\u00bb right_padding_desktop=\u00a0\u00bb10%\u00a0\u00bb top_padding_tablet=\u00a0\u00bb20%\u00a0\u00bb bottom_padding_tablet=\u00a0\u00bb10%\u00a0\u00bb left_padding_tablet=\u00a0\u00bb20%\u00a0\u00bb constrain_group_4=\u00a0\u00bbyes\u00a0\u00bb right_padding_tablet=\u00a0\u00bb20%\u00a0\u00bb left_padding_phone=\u00a0\u00bb6%\u00a0\u00bb constrain_group_6=\u00a0\u00bbyes\u00a0\u00bb right_padding_phone=\u00a0\u00bb6%\u00a0\u00bb text_color=\u00a0\u00bbdark\u00a0\u00bb text_align=\u00a0\u00bbleft\u00a0\u00bb row_border_radius=\u00a0\u00bbnone\u00a0\u00bb row_border_radius_applies=\u00a0\u00bbbg\u00a0\u00bb overflow=\u00a0\u00bbvisible\u00a0\u00bb advanced_gradient_angle=\u00a0\u00bb0&Prime; overlay_strength=\u00a0\u00bb0.3&Prime; gradient_direction=\u00a0\u00bbleft_to_right\u00a0\u00bb shape_divider_position=\u00a0\u00bbbottom\u00a0\u00bb...","og_url":"https:\/\/fondationlakeshore.ca\/fr\/infolettre\/","og_site_name":"Lakeshore General Hospital Foundation","article_publisher":"https:\/\/www.facebook.com\/fondationlakeshore","article_modified_time":"2022-08-16T18:08:08+00:00","twitter_card":"summary_large_image","twitter_misc":{"Est. reading time":"4 minutes"},"schema":{"@context":"https:\/\/schema.org","@graph":[{"@type":"WebPage","@id":"https:\/\/fondationlakeshore.ca\/fr\/infolettre\/","url":"https:\/\/fondationlakeshore.ca\/fr\/infolettre\/","name":"Infolettre - Lakeshore General Hospital Foundation","isPartOf":{"@id":"https:\/\/fondationlakeshore.ca\/#website"},"datePublished":"2022-05-02T19:18:33+00:00","dateModified":"2022-08-16T18:08:08+00:00","breadcrumb":{"@id":"https:\/\/fondationlakeshore.ca\/fr\/infolettre\/#breadcrumb"},"inLanguage":"fr-FR","potentialAction":[{"@type":"ReadAction","target":["https:\/\/fondationlakeshore.ca\/fr\/infolettre\/"]}]},{"@type":"BreadcrumbList","@id":"https:\/\/fondationlakeshore.ca\/fr\/infolettre\/#breadcrumb","itemListElement":[{"@type":"ListItem","position":1,"name":"Home","item":"https:\/\/fondationlakeshore.ca\/fr\/"},{"@type":"ListItem","position":2,"name":"Infolettre"}]},{"@type":"WebSite","@id":"https:\/\/fondationlakeshore.ca\/#website","url":"https:\/\/fondationlakeshore.ca\/","name":"Lakeshore General Hospital Foundation","description":"Working together towards healthcare excellence","publisher":{"@id":"https:\/\/fondationlakeshore.ca\/#organization"},"potentialAction":[{"@type":"SearchAction","target":{"@type":"EntryPoint","urlTemplate":"https:\/\/fondationlakeshore.ca\/?s={search_term_string}"},"query-input":{"@type":"PropertyValueSpecification","valueRequired":true,"valueName":"search_term_string"}}],"inLanguage":"fr-FR"},{"@type":"Organization","@id":"https:\/\/fondationlakeshore.ca\/#organization","name":"Lakeshore General Hospital Foundation","url":"https:\/\/fondationlakeshore.ca\/","logo":{"@type":"ImageObject","inLanguage":"fr-FR","@id":"https:\/\/fondationlakeshore.ca\/#\/schema\/logo\/image\/","url":"https:\/\/fondationlakeshore.ca\/wp-content\/uploads\/2022\/02\/lghf-horizontal-EN-logo-full-color-rgb.png","contentUrl":"https:\/\/fondationlakeshore.ca\/wp-content\/uploads\/2022\/02\/lghf-horizontal-EN-logo-full-color-rgb.png","width":1977,"height":788,"caption":"Lakeshore General Hospital Foundation"},"image":{"@id":"https:\/\/fondationlakeshore.ca\/#\/schema\/logo\/image\/"},"sameAs":["https:\/\/www.facebook.com\/fondationlakeshore","https:\/\/www.instagram.com\/fondationlakeshore\/","https:\/\/www.linkedin.com\/company\/fondationlakeshore\/"]}]}},"_links":{"self":[{"href":"https:\/\/fondationlakeshore.ca\/fr\/wp-json\/wp\/v2\/pages\/17498","targetHints":{"allow":["GET"]}}],"collection":[{"href":"https:\/\/fondationlakeshore.ca\/fr\/wp-json\/wp\/v2\/pages"}],"about":[{"href":"https:\/\/fondationlakeshore.ca\/fr\/wp-json\/wp\/v2\/types\/page"}],"author":[{"embeddable":true,"href":"https:\/\/fondationlakeshore.ca\/fr\/wp-json\/wp\/v2\/users\/1"}],"replies":[{"embeddable":true,"href":"https:\/\/fondationlakeshore.ca\/fr\/wp-json\/wp\/v2\/comments?post=17498"}],"version-history":[{"count":0,"href":"https:\/\/fondationlakeshore.ca\/fr\/wp-json\/wp\/v2\/pages\/17498\/revisions"}],"wp:attachment":[{"href":"https:\/\/fondationlakeshore.ca\/fr\/wp-json\/wp\/v2\/media?parent=17498"}],"curies":[{"name":"wp","href":"https:\/\/api.w.org\/{rel}","templated":true}]}}